{"id":43,"date":"2026-04-28T12:53:01","date_gmt":"2026-04-28T10:53:01","guid":{"rendered":"http:\/\/popolowce.pl\/?page_id=43"},"modified":"2026-04-28T20:08:12","modified_gmt":"2026-04-28T18:08:12","slug":"ruch-przygoda-i-zycie-po-50-bez-hamulcow","status":"publish","type":"page","link":"https:\/\/popolowce.pl\/?page_id=43","title":{"rendered":"O NAS"},"content":{"rendered":"\n<blockquote class=\"wp-block-quote is-layout-flow wp-block-quote-is-layout-flow\">\n<p><em>Renata i Tomek &#8211; para po \u201epo\u0142\u00f3wce \u017cycia\u201d, kt\u00f3ra nie zamierza zwalnia\u0107 tempa. Wr\u0119cz przeciwnie. Wchodzimy w kolejne lata z energi\u0105, jakiej wielu dwudziestolatk\u00f3w mog\u0142oby nam pozazdro\u015bci\u0107. G\u00f3ry, rower, trekking, kajaki, zimowe biwaki w lesie i dalsze wyprawy &#8211; to nasz naturalny rytm.<\/em><\/p>\n\n\n\n<p><em>Ale nasze \u017cycie to nie tylko sport. Po pi\u0119\u0107dziesi\u0105tce r\u00f3wnie ch\u0119tnie pr\u00f3bujemy rzeczy, kt\u00f3rych wcze\u015bniej nie by\u0142o na naszej mapie: FLYSPOT, escape roomy, nowe do\u015bwiadczenia, wyzwania \u201epierwszy raz w \u017cyciu\u201d, kt\u00f3re przypominaj\u0105 nam, \u017ce ciekawo\u015b\u0107 nie ma wieku. Lubimy sprawdza\u0107 si\u0119 w nietypowych sytuacjach, wychodzi\u0107 ze schemat\u00f3w i \u015bwiadomie wybiera\u0107 przygody &#8211; nie tylko te w g\u00f3rach, ale te\u017c te zupe\u0142nie nieoczywiste.<\/em><\/p>\n\n\n\n<p><em>Nie jeste\u015bmy idealni i nic nam nie jest \u201eidealnie\u201d. Mamy swoje historie: stare kontuzje, kt\u00f3re czasem si\u0119 odzywaj\u0105, zwyrodnienia kolan, dni kiedy cia\u0142o przypomina, \u017ce czas p\u0142ynie. Ale nie traktujemy tego jak hamulca &#8211; raczej jak przypis drobnym drukiem do \u017cycia w ruchu.<\/em><\/p>\n\n\n\n<p><em>\u017byjemy aktywnie, \u015bwiadomie i na w\u0142asnych zasadach. Bo starzenie si\u0119 nie musi oznacza\u0107 zatrzymania &#8211; mo\u017ce by\u0107 kolejn\u0105 przygod\u0105, tylko troch\u0119 m\u0105drzej zaplanowan\u0105. A my mamy jeszcze sporo szczyt\u00f3w do zdobycia &#8211; w tym Elbrus i Kazbek.<\/em><\/p>\n<\/blockquote>\n\n\n\n<figure class=\"wp-block-image size-large\"><img loading=\"lazy\" decoding=\"async\" width=\"768\" height=\"1024\" src=\"http:\/\/popolowce.pl\/wp-content\/uploads\/2026\/04\/WhatsApp-Image-2026-04-28-at-12.36.16-768x1024.jpeg\" alt=\"\" class=\"wp-image-39\" srcset=\"https:\/\/popolowce.pl\/wp-content\/uploads\/2026\/04\/WhatsApp-Image-2026-04-28-at-12.36.16-768x1024.jpeg 768w, https:\/\/popolowce.pl\/wp-content\/uploads\/2026\/04\/WhatsApp-Image-2026-04-28-at-12.36.16-225x300.jpeg 225w, https:\/\/popolowce.pl\/wp-content\/uploads\/2026\/04\/WhatsApp-Image-2026-04-28-at-12.36.16-1152x1536.jpeg 1152w, https:\/\/popolowce.pl\/wp-content\/uploads\/2026\/04\/WhatsApp-Image-2026-04-28-at-12.36.16.jpeg 1536w\" sizes=\"auto, (max-width: 768px) 100vw, 768px\" \/><\/figure>\n","protected":false},"excerpt":{"rendered":"<p>Renata i Tomek &#8211; para po \u201epo\u0142\u00f3wce \u017cycia\u201d, kt\u00f3ra nie zamierza zwalnia\u0107 tempa. Wr\u0119cz przeciwnie. Wchodzimy w kolejne lata z energi\u0105, jakiej wielu dwudziestolatk\u00f3w mog\u0142oby nam pozazdro\u015bci\u0107. G\u00f3ry, rower, trekking, kajaki, zimowe biwaki w lesie i dalsze wyprawy &#8211; to nasz naturalny rytm. Ale nasze \u017cycie to nie tylko sport. Po pi\u0119\u0107dziesi\u0105tce r\u00f3wnie ch\u0119tnie pr\u00f3bujemy [&hellip;]<\/p>\n","protected":false},"author":1,"featured_media":0,"parent":0,"menu_order":0,"comment_status":"closed","ping_status":"closed","template":"","meta":{"footnotes":""},"class_list":["post-43","page","type-page","status-publish","hentry"],"_links":{"self":[{"href":"https:\/\/popolowce.pl\/index.php?rest_route=\/wp\/v2\/pages\/43","targetHints":{"allow":["GET"]}}],"collection":[{"href":"https:\/\/popolowce.pl\/index.php?rest_route=\/wp\/v2\/pages"}],"about":[{"href":"https:\/\/popolowce.pl\/index.php?rest_route=\/wp\/v2\/types\/page"}],"author":[{"embeddable":true,"href":"https:\/\/popolowce.pl\/index.php?rest_route=\/wp\/v2\/users\/1"}],"replies":[{"embeddable":true,"href":"https:\/\/popolowce.pl\/index.php?rest_route=%2Fwp%2Fv2%2Fcomments&post=43"}],"version-history":[{"count":10,"href":"https:\/\/popolowce.pl\/index.php?rest_route=\/wp\/v2\/pages\/43\/revisions"}],"predecessor-version":[{"id":63,"href":"https:\/\/popolowce.pl\/index.php?rest_route=\/wp\/v2\/pages\/43\/revisions\/63"}],"wp:attachment":[{"href":"https:\/\/popolowce.pl\/index.php?rest_route=%2Fwp%2Fv2%2Fmedia&parent=43"}],"curies":[{"name":"wp","href":"https:\/\/api.w.org\/{rel}","templated":true}]}}